{"id":870,"date":"2019-01-01T15:39:28","date_gmt":"2019-01-01T15:39:28","guid":{"rendered":"http:\/\/chiropraktikengadin.ch.lucius.ch-meta.net\/?page_id=870"},"modified":"2023-09-21T16:44:56","modified_gmt":"2023-09-21T14:44:56","slug":"lebenslauf-und-weiterbildungen","status":"publish","type":"page","link":"https:\/\/www.chiropraktikengadin.ch\/it\/lebenslauf-und-weiterbildungen\/","title":{"rendered":"M. Locher, geb. Soklic Lebenslauf und Weiterbildungen"},"content":{"rendered":"\n<p>2021 und 2022 Weiterbildung in Dynamischer Neruomuskul\u00e4rer Stabilisation nach Kolar (DNS)<\/p>\n\n\n\n<p>2021 Weiterbildung mit Diplom Fachberater f\u00fcr Darmgesundheit<\/p>\n\n\n\n<p>2019 Weiterbildung Theorie und Praxis der radialen und fokussierten Stosswellentherapie<\/p>\n\n\n\n<p>2019 Weiterbildung Neugeborenenschiefhals und S\u00e4uglinge<\/p>\n\n\n\n<p>2018 Weiterbildung und Diplom COX Lumbar Spine Technic<\/p>\n\n\n\n<p>06\/2018 Promotion Doktorin der Chiropraktischen Medizin, Dr. med. chiro.<\/p>\n\n\n\n<p>03\/2018 Er\u00f6ffnung der Praxisr\u00e4umlichkeiten im Postgeb\u00e4ude in Samedan<\/p>\n\n\n\n<p>10\/2017 Gr\u00fcndung Chiropraktik Engadin Samedan<\/p>\n\n\n\n<p>2017 Fachchiropraktorin SCG\/ECU Chiropraktik St. Moritz<\/p>\n\n\n\n<p>03\/2017 Weiterbildungspr\u00fcfung zur Fachchiropraktorin an der Swiss Chiropractic Academy<\/p>\n\n\n\n<p>11\/2015 Erwerb Sachkundenachweis Strahlenschutz<\/p>\n\n\n\n<p>2015-2017 Assistenzchiropraktorin Chiropraktik St. Moritz<\/p>\n\n\n\n<p>2014-2015 Assistenzchiropraktorin in Z\u00fcrich, Chiropraktik Oerlikon und Chiropraktik St. Moritz zu jeweils 50%<\/p>\n\n\n\n<p>09\/2014 Eidg. Staatsexamen an der Universit\u00e4t Z\u00fcrich mit Diplom als Chiropraktorin Medizinalberufskommission MEBEKO<\/p>\n\n\n\n<p>2007-2014 Medizinstudium an der Universit\u00e4t Z\u00fcrich, Bachelor Humanmedizin mit Schwerpunkt Chiropraktik<\/p>\n\n\n\n<p>2007 Zwischenjahr mit Praktikum Ferienregion Engadin in der Tourismusbranche<\/p>\n\n\n\n<p>2000-2006 Gymnasium Academia Engiadina in Samedan (Matura Typ Schwerpunktfach Biologie\/Chemie, Erg\u00e4nzungsfach Sport)<\/p>\n\n\n\n<p>1994-2000 Primarschule in Samedan GR<\/p>\n","protected":false},"excerpt":{"rendered":"<p>2021 und 2022 Weiterbildung in Dynamischer Neruomuskul\u00e4rer Stabilisation nach Kolar (DNS) 2021 Weiterbildung mit Diplom Fachberater f\u00fcr Darmgesundheit 2019 Weiterbildung Theorie und Praxis der radialen und fokussierten Stosswellentherapie 2019 Weiterbildung Neugeborenenschiefhals und S\u00e4uglinge 2018 Weiterbildung und Diplom COX Lumbar Spine Technic 06\/2018 Promotion Doktorin der Chiropraktischen Medizin, Dr. med. chiro. 03\/2018 Er\u00f6ffnung der Praxisr\u00e4umlichkeiten im &hellip; <\/p>\n<p class=\"link-more\"><a href=\"https:\/\/www.chiropraktikengadin.ch\/it\/lebenslauf-und-weiterbildungen\/\" class=\"more-link\">Continue reading<span class=\"screen-reader-text\"> &#8220;M. Locher, geb. Soklic Lebenslauf und Weiterbildungen&#8221;<\/span><\/a><\/p>\n","protected":false},"author":1,"featured_media":0,"parent":0,"menu_order":0,"comment_status":"closed","ping_status":"closed","template":"","meta":{"footnotes":""},"class_list":["post-870","page","type-page","status-publish","hentry"],"_links":{"self":[{"href":"https:\/\/www.chiropraktikengadin.ch\/it\/wp-json\/wp\/v2\/pages\/870","targetHints":{"allow":["GET"]}}],"collection":[{"href":"https:\/\/www.chiropraktikengadin.ch\/it\/wp-json\/wp\/v2\/pages"}],"about":[{"href":"https:\/\/www.chiropraktikengadin.ch\/it\/wp-json\/wp\/v2\/types\/page"}],"author":[{"embeddable":true,"href":"https:\/\/www.chiropraktikengadin.ch\/it\/wp-json\/wp\/v2\/users\/1"}],"replies":[{"embeddable":true,"href":"https:\/\/www.chiropraktikengadin.ch\/it\/wp-json\/wp\/v2\/comments?post=870"}],"version-history":[{"count":2,"href":"https:\/\/www.chiropraktikengadin.ch\/it\/wp-json\/wp\/v2\/pages\/870\/revisions"}],"predecessor-version":[{"id":1436,"href":"https:\/\/www.chiropraktikengadin.ch\/it\/wp-json\/wp\/v2\/pages\/870\/revisions\/1436"}],"wp:attachment":[{"href":"https:\/\/www.chiropraktikengadin.ch\/it\/wp-json\/wp\/v2\/media?parent=870"}],"curies":[{"name":"wp","href":"https:\/\/api.w.org\/{rel}","templated":true}]}}