{"id":794,"date":"2019-01-01T14:15:16","date_gmt":"2019-01-01T14:15:16","guid":{"rendered":"http:\/\/chiropraktikengadin.ch.lucius.ch-meta.net\/?page_id=794"},"modified":"2019-01-01T14:15:16","modified_gmt":"2019-01-01T14:15:16","slug":"beratung-und-praevention","status":"publish","type":"page","link":"https:\/\/www.chiropraktikengadin.ch\/it\/beratung-und-praevention\/","title":{"rendered":"Beratung und Pr\u00e4vention"},"content":{"rendered":"\n<p>H\u00e4ufig ist das Problem noch nicht gel\u00f6st, wenn die Schmerzen nachgelassen haben ! Viele Beschwerden, die wir behandeln,  k\u00f6nnen unter Umst\u00e4nden zur\u00fcckkehren. Wenn man nach erfolgter Behandlung einfach wieder mit den alten Gewohnheiten weitermacht, tauchen die Beschwerden oft schon nach kurzer Zeit wieder auf.<\/p>\n\n\n\n<p>Als Chiropraktoren wollen wir Ihnen nicht nur helfen, wenn sie schon R\u00fcckenschmerzen, Nackenschmerzen, Verspannungen oder Kopfschmerzen haben, sondern m\u00f6chten Sie auch dabei unterst\u00fctzen, sich aktiv dagegen zu sch\u00fctzen. Wir legen grossen Wert auf die individuelle Beratung, wenn es z.B. um Kr\u00e4ftigungs\u00fcbungen, Ergonomie und r\u00fcckengerechtes Verhalten im Alltag geht.<\/p>\n","protected":false},"excerpt":{"rendered":"<p>H\u00e4ufig ist das Problem noch nicht gel\u00f6st, wenn die Schmerzen nachgelassen haben ! Viele Beschwerden, die wir behandeln, k\u00f6nnen unter Umst\u00e4nden zur\u00fcckkehren. Wenn man nach erfolgter Behandlung einfach wieder mit den alten Gewohnheiten weitermacht, tauchen die Beschwerden oft schon nach kurzer Zeit wieder auf. Als Chiropraktoren wollen wir Ihnen nicht nur helfen, wenn sie schon &hellip; <\/p>\n<p class=\"link-more\"><a href=\"https:\/\/www.chiropraktikengadin.ch\/it\/beratung-und-praevention\/\" class=\"more-link\">Continue reading<span class=\"screen-reader-text\"> &#8220;Beratung und Pr\u00e4vention&#8221;<\/span><\/a><\/p>\n","protected":false},"author":1,"featured_media":0,"parent":0,"menu_order":0,"comment_status":"closed","ping_status":"closed","template":"","meta":{"footnotes":""},"class_list":["post-794","page","type-page","status-publish","hentry"],"_links":{"self":[{"href":"https:\/\/www.chiropraktikengadin.ch\/it\/wp-json\/wp\/v2\/pages\/794","targetHints":{"allow":["GET"]}}],"collection":[{"href":"https:\/\/www.chiropraktikengadin.ch\/it\/wp-json\/wp\/v2\/pages"}],"about":[{"href":"https:\/\/www.chiropraktikengadin.ch\/it\/wp-json\/wp\/v2\/types\/page"}],"author":[{"embeddable":true,"href":"https:\/\/www.chiropraktikengadin.ch\/it\/wp-json\/wp\/v2\/users\/1"}],"replies":[{"embeddable":true,"href":"https:\/\/www.chiropraktikengadin.ch\/it\/wp-json\/wp\/v2\/comments?post=794"}],"version-history":[{"count":0,"href":"https:\/\/www.chiropraktikengadin.ch\/it\/wp-json\/wp\/v2\/pages\/794\/revisions"}],"wp:attachment":[{"href":"https:\/\/www.chiropraktikengadin.ch\/it\/wp-json\/wp\/v2\/media?parent=794"}],"curies":[{"name":"wp","href":"https:\/\/api.w.org\/{rel}","templated":true}]}}