{"id":789,"date":"2019-01-01T14:24:16","date_gmt":"2019-01-01T14:24:16","guid":{"rendered":"http:\/\/chiropraktikengadin.ch.lucius.ch-meta.net\/?page_id=789"},"modified":"2019-01-01T14:24:16","modified_gmt":"2019-01-01T14:24:16","slug":"wie-behandelt-der-chiropraktor","status":"publish","type":"page","link":"https:\/\/www.chiropraktikengadin.ch\/it\/wie-behandelt-der-chiropraktor\/","title":{"rendered":"Wie behandelt der Chiropraktor?"},"content":{"rendered":"\n<p>Mit einer grossen Variation von Handgriffen werden blockierte Gelenke gel\u00f6st, verk\u00fcrzte Muskeln gedehnt oder gestauchte Wirbels\u00e4ulenabschnitte gestreckt.<\/p>\n\n\n\n<p>Im Zentrum der chiropraktorischen Behandlungstechniken steht die Manipulationsbehandlung der Wirbels\u00e4ule. Es handelt sich dabei um sanfte, gezielte Impulse, bei denen in den Wirbelgelenken oft ein knackendes, harmloses Ger\u00e4usch ausgel\u00f6st wird.<\/p>\n","protected":false},"excerpt":{"rendered":"<p>Mit einer grossen Variation von Handgriffen werden blockierte Gelenke gel\u00f6st, verk\u00fcrzte Muskeln gedehnt oder gestauchte Wirbels\u00e4ulenabschnitte gestreckt. Im Zentrum der chiropraktorischen Behandlungstechniken steht die Manipulationsbehandlung der Wirbels\u00e4ule. Es handelt sich dabei um sanfte, gezielte Impulse, bei denen in den Wirbelgelenken oft ein knackendes, harmloses Ger\u00e4usch ausgel\u00f6st wird.<\/p>\n","protected":false},"author":1,"featured_media":0,"parent":0,"menu_order":0,"comment_status":"closed","ping_status":"closed","template":"","meta":{"footnotes":""},"class_list":["post-789","page","type-page","status-publish","hentry"],"_links":{"self":[{"href":"https:\/\/www.chiropraktikengadin.ch\/it\/wp-json\/wp\/v2\/pages\/789","targetHints":{"allow":["GET"]}}],"collection":[{"href":"https:\/\/www.chiropraktikengadin.ch\/it\/wp-json\/wp\/v2\/pages"}],"about":[{"href":"https:\/\/www.chiropraktikengadin.ch\/it\/wp-json\/wp\/v2\/types\/page"}],"author":[{"embeddable":true,"href":"https:\/\/www.chiropraktikengadin.ch\/it\/wp-json\/wp\/v2\/users\/1"}],"replies":[{"embeddable":true,"href":"https:\/\/www.chiropraktikengadin.ch\/it\/wp-json\/wp\/v2\/comments?post=789"}],"version-history":[{"count":0,"href":"https:\/\/www.chiropraktikengadin.ch\/it\/wp-json\/wp\/v2\/pages\/789\/revisions"}],"wp:attachment":[{"href":"https:\/\/www.chiropraktikengadin.ch\/it\/wp-json\/wp\/v2\/media?parent=789"}],"curies":[{"name":"wp","href":"https:\/\/api.w.org\/{rel}","templated":true}]}}