{"id":787,"date":"2019-01-01T14:12:07","date_gmt":"2019-01-01T14:12:07","guid":{"rendered":"http:\/\/chiropraktikengadin.ch.lucius.ch-meta.net\/?page_id=787"},"modified":"2019-01-01T14:12:07","modified_gmt":"2019-01-01T14:12:07","slug":"was-ist-chiropraktik","status":"publish","type":"page","link":"https:\/\/www.chiropraktikengadin.ch\/it\/was-ist-chiropraktik\/","title":{"rendered":"Was ist Chiropraktik?"},"content":{"rendered":"\n<p>Die chiropraktische Medizin ist eine Fachrichtung der Schulmedizin mit Schwerpunkt auf einer manuellen, nicht invasiven Form der Behandlung .<\/p>\n\n\n\n<p>Eine orthop\u00e4dische, neurologische und chiropraktische Abkl\u00e4rung mit entsprechenden bildgebenden Verfahren ( falls indiziert, z.B.: R\u00f6ntgen, MRT, CT ) bildet die Grundlage f\u00fcr die Diagnose. <\/p>\n\n\n\n<p>Ziel der Behandlung ist die Wiederherstellung der freien Beweglichkeit von Gelenken, welche durch Dysfunktionen oder Blockaden gest\u00f6rt sind. Im Bereich der Wirbels\u00e4ule wird h\u00e4ufig das abgehende Nervensystem beeintr\u00e4chtigt. Durch die Behebung solcher St\u00f6rungen kann sich dieses wieder selbst regulieren und somit das Gleichgewicht im ganzen K\u00f6rper wiederherstellen. <\/p>\n","protected":false},"excerpt":{"rendered":"<p>Die chiropraktische Medizin ist eine Fachrichtung der Schulmedizin mit Schwerpunkt auf einer manuellen, nicht invasiven Form der Behandlung . Eine orthop\u00e4dische, neurologische und chiropraktische Abkl\u00e4rung mit entsprechenden bildgebenden Verfahren ( falls indiziert, z.B.: R\u00f6ntgen, MRT, CT ) bildet die Grundlage f\u00fcr die Diagnose. Ziel der Behandlung ist die Wiederherstellung der freien Beweglichkeit von Gelenken, welche &hellip; <\/p>\n<p class=\"link-more\"><a href=\"https:\/\/www.chiropraktikengadin.ch\/it\/was-ist-chiropraktik\/\" class=\"more-link\">Continue reading<span class=\"screen-reader-text\"> &#8220;Was ist Chiropraktik?&#8221;<\/span><\/a><\/p>\n","protected":false},"author":1,"featured_media":0,"parent":0,"menu_order":0,"comment_status":"closed","ping_status":"closed","template":"","meta":{"footnotes":""},"class_list":["post-787","page","type-page","status-publish","hentry"],"_links":{"self":[{"href":"https:\/\/www.chiropraktikengadin.ch\/it\/wp-json\/wp\/v2\/pages\/787","targetHints":{"allow":["GET"]}}],"collection":[{"href":"https:\/\/www.chiropraktikengadin.ch\/it\/wp-json\/wp\/v2\/pages"}],"about":[{"href":"https:\/\/www.chiropraktikengadin.ch\/it\/wp-json\/wp\/v2\/types\/page"}],"author":[{"embeddable":true,"href":"https:\/\/www.chiropraktikengadin.ch\/it\/wp-json\/wp\/v2\/users\/1"}],"replies":[{"embeddable":true,"href":"https:\/\/www.chiropraktikengadin.ch\/it\/wp-json\/wp\/v2\/comments?post=787"}],"version-history":[{"count":0,"href":"https:\/\/www.chiropraktikengadin.ch\/it\/wp-json\/wp\/v2\/pages\/787\/revisions"}],"wp:attachment":[{"href":"https:\/\/www.chiropraktikengadin.ch\/it\/wp-json\/wp\/v2\/media?parent=787"}],"curies":[{"name":"wp","href":"https:\/\/api.w.org\/{rel}","templated":true}]}}