{"id":1359,"date":"2022-06-21T17:04:29","date_gmt":"2022-06-21T15:04:29","guid":{"rendered":"https:\/\/www.chiropraktikengadin.ch\/?page_id=1359"},"modified":"2023-07-31T18:52:21","modified_gmt":"2023-07-31T16:52:21","slug":"caroline-plebani","status":"publish","type":"page","link":"https:\/\/www.chiropraktikengadin.ch\/it\/caroline-plebani\/","title":{"rendered":"Caroline Plebani"},"content":{"rendered":"\n<p><strong>Administration<\/strong><\/p>\n\n\n<div class=\"wp-block-image\">\n<figure class=\"alignleft size-large is-resized\"><img loading=\"lazy\" decoding=\"async\" src=\"https:\/\/www.chiropraktikengadin.ch\/wp-content\/uploads\/2022\/06\/Foto-Caroline-e1655896346914-776x1024.jpeg\" alt=\"\" class=\"wp-image-1371\" width=\"304\" height=\"401\" srcset=\"https:\/\/www.chiropraktikengadin.ch\/wp-content\/uploads\/2022\/06\/Foto-Caroline-e1655896346914-776x1024.jpeg 776w, https:\/\/www.chiropraktikengadin.ch\/wp-content\/uploads\/2022\/06\/Foto-Caroline-e1655896346914-227x300.jpeg 227w, https:\/\/www.chiropraktikengadin.ch\/wp-content\/uploads\/2022\/06\/Foto-Caroline-e1655896346914-768x1014.jpeg 768w, https:\/\/www.chiropraktikengadin.ch\/wp-content\/uploads\/2022\/06\/Foto-Caroline-e1655896346914.jpeg 900w\" sizes=\"auto, (max-width: 304px) 100vw, 304px\" \/><\/figure>\n<\/div>\n\n\n<p>Gerne arbeite ich in einem so harmonischen Team wie dem der Chiropraktik Engadin. Die Arbeit und der direkte Umgang mit unseren Patienten gef\u00e4llt mir sehr. Aus eigener Erfahrung bin ich von der Chiropraktik \u00fcberzeugt. Ich sehe immer wieder wie die Behandlungen von unseren \u00c4rzten helfen und Gutes bewirken k\u00f6nnen.<\/p>\n\n\n\n<p>Vor vielen Jahren hat es mich vom Berner Oberland in die Engadiner Berge gezogen. Schneesport ist meine grosse Leidenschaft und ich durfte viele Winter als Skilehrerin das sch\u00f6ne Engadin kennen lernen. Die Liebe hat mich hier behalten und mir zwei wundersch\u00f6ne M\u00e4dchen geschenkt.<\/p>\n","protected":false},"excerpt":{"rendered":"<p>Administration Gerne arbeite ich in einem so harmonischen Team wie dem der Chiropraktik Engadin. Die Arbeit und der direkte Umgang mit unseren Patienten gef\u00e4llt mir sehr. Aus eigener Erfahrung bin ich von der Chiropraktik \u00fcberzeugt. Ich sehe immer wieder wie die Behandlungen von unseren \u00c4rzten helfen und Gutes bewirken k\u00f6nnen. Vor vielen Jahren hat es &hellip; <\/p>\n<p class=\"link-more\"><a href=\"https:\/\/www.chiropraktikengadin.ch\/it\/caroline-plebani\/\" class=\"more-link\">Continue reading<span class=\"screen-reader-text\"> &#8220;Caroline Plebani&#8221;<\/span><\/a><\/p>\n","protected":false},"author":2,"featured_media":0,"parent":0,"menu_order":0,"comment_status":"closed","ping_status":"closed","template":"","meta":{"footnotes":""},"class_list":["post-1359","page","type-page","status-publish","hentry"],"_links":{"self":[{"href":"https:\/\/www.chiropraktikengadin.ch\/it\/wp-json\/wp\/v2\/pages\/1359","targetHints":{"allow":["GET"]}}],"collection":[{"href":"https:\/\/www.chiropraktikengadin.ch\/it\/wp-json\/wp\/v2\/pages"}],"about":[{"href":"https:\/\/www.chiropraktikengadin.ch\/it\/wp-json\/wp\/v2\/types\/page"}],"author":[{"embeddable":true,"href":"https:\/\/www.chiropraktikengadin.ch\/it\/wp-json\/wp\/v2\/users\/2"}],"replies":[{"embeddable":true,"href":"https:\/\/www.chiropraktikengadin.ch\/it\/wp-json\/wp\/v2\/comments?post=1359"}],"version-history":[{"count":9,"href":"https:\/\/www.chiropraktikengadin.ch\/it\/wp-json\/wp\/v2\/pages\/1359\/revisions"}],"predecessor-version":[{"id":1420,"href":"https:\/\/www.chiropraktikengadin.ch\/it\/wp-json\/wp\/v2\/pages\/1359\/revisions\/1420"}],"wp:attachment":[{"href":"https:\/\/www.chiropraktikengadin.ch\/it\/wp-json\/wp\/v2\/media?parent=1359"}],"curies":[{"name":"wp","href":"https:\/\/api.w.org\/{rel}","templated":true}]}}