{"id":132,"date":"2018-12-06T17:16:16","date_gmt":"2018-12-06T15:16:16","guid":{"rendered":"https:\/\/chiropraktikengadin.wordpress.com\/?page_id=132"},"modified":"2020-07-28T19:25:29","modified_gmt":"2020-07-28T17:25:29","slug":"praxis","status":"publish","type":"page","link":"https:\/\/www.chiropraktikengadin.ch\/it\/praxis\/","title":{"rendered":"Praxis"},"content":{"rendered":"<p>Gegr\u00fcndet wurde die Firma &#8220;Chiropraktik Engadin Samedan&#8221; im Oktober 2017 von Dr. med. chiro. Marina Locher. \u00a0Im Jahre 2020 wurde daraus die &#8220;Chiropraktik Engadin GmbH&#8221;.<\/p>\n<p>Im Fr\u00fchling 2018 konnten wir die renovierten R\u00e4umlichkeiten beziehen. Sie befinden sich an idealer Lage im Postgeb\u00e4ude von Samedan, gleich gegen\u00fcber des Caf\u00e9s Laager.<\/p>\n<p>Nicht ohne Stolz k\u00f6nnen wir sagen, dass wir \u00fcber eine moderne, grossz\u00fcgige und helle Praxis verf\u00fcgen, in der man sich sowohl als Patient, als auch als Chiropraktor und Praxisassistentin wohlf\u00fchlt.<\/p>\n","protected":false},"excerpt":{"rendered":"<p>Gegr\u00fcndet wurde die Firma &#8220;Chiropraktik Engadin Samedan&#8221; im Oktober 2017 von Dr. med. chiro. Marina Locher. \u00a0Im Jahre 2020 wurde daraus die &#8220;Chiropraktik Engadin GmbH&#8221;. Im Fr\u00fchling 2018 konnten wir die renovierten R\u00e4umlichkeiten beziehen. Sie befinden sich an idealer Lage im Postgeb\u00e4ude von Samedan, gleich gegen\u00fcber des Caf\u00e9s Laager. Nicht ohne Stolz k\u00f6nnen wir sagen, &hellip; <\/p>\n<p class=\"link-more\"><a href=\"https:\/\/www.chiropraktikengadin.ch\/it\/praxis\/\" class=\"more-link\">Continue reading<span class=\"screen-reader-text\"> &#8220;Praxis&#8221;<\/span><\/a><\/p>\n","protected":false},"author":1,"featured_media":0,"parent":0,"menu_order":0,"comment_status":"closed","ping_status":"closed","template":"","meta":{"footnotes":""},"class_list":["post-132","page","type-page","status-publish","hentry"],"_links":{"self":[{"href":"https:\/\/www.chiropraktikengadin.ch\/it\/wp-json\/wp\/v2\/pages\/132","targetHints":{"allow":["GET"]}}],"collection":[{"href":"https:\/\/www.chiropraktikengadin.ch\/it\/wp-json\/wp\/v2\/pages"}],"about":[{"href":"https:\/\/www.chiropraktikengadin.ch\/it\/wp-json\/wp\/v2\/types\/page"}],"author":[{"embeddable":true,"href":"https:\/\/www.chiropraktikengadin.ch\/it\/wp-json\/wp\/v2\/users\/1"}],"replies":[{"embeddable":true,"href":"https:\/\/www.chiropraktikengadin.ch\/it\/wp-json\/wp\/v2\/comments?post=132"}],"version-history":[{"count":2,"href":"https:\/\/www.chiropraktikengadin.ch\/it\/wp-json\/wp\/v2\/pages\/132\/revisions"}],"predecessor-version":[{"id":1309,"href":"https:\/\/www.chiropraktikengadin.ch\/it\/wp-json\/wp\/v2\/pages\/132\/revisions\/1309"}],"wp:attachment":[{"href":"https:\/\/www.chiropraktikengadin.ch\/it\/wp-json\/wp\/v2\/media?parent=132"}],"curies":[{"name":"wp","href":"https:\/\/api.w.org\/{rel}","templated":true}]}}