{"id":804,"date":"2019-01-01T14:21:00","date_gmt":"2019-01-01T14:21:00","guid":{"rendered":"http:\/\/chiropraktikengadin.ch.lucius.ch-meta.net\/?page_id=804"},"modified":"2023-07-31T18:54:24","modified_gmt":"2023-07-31T16:54:24","slug":"flavia-jaeger","status":"publish","type":"page","link":"https:\/\/www.chiropraktikengadin.ch\/en\/flavia-jaeger\/","title":{"rendered":"Flavia J\u00e4ger"},"content":{"rendered":"\n<h4 class=\"wp-block-heading\">Administration<\/h4>\n\n\n<div class=\"wp-block-image\">\n<figure class=\"alignleft size-large is-resized\"><a href=\"https:\/\/www.chiropraktikengadin.ch\/wp-content\/uploads\/2020\/05\/FJ-Bild.jpg\" target=\"_blank\" rel=\"noreferrer noopener\"><img loading=\"lazy\" decoding=\"async\" src=\"https:\/\/www.chiropraktikengadin.ch\/wp-content\/uploads\/2020\/05\/FJ-Bild-1024x768.jpg\" alt=\"\" class=\"wp-image-1274\" width=\"393\" height=\"294\" srcset=\"https:\/\/www.chiropraktikengadin.ch\/wp-content\/uploads\/2020\/05\/FJ-Bild-1024x768.jpg 1024w, https:\/\/www.chiropraktikengadin.ch\/wp-content\/uploads\/2020\/05\/FJ-Bild-300x225.jpg 300w, https:\/\/www.chiropraktikengadin.ch\/wp-content\/uploads\/2020\/05\/FJ-Bild-768x576.jpg 768w, https:\/\/www.chiropraktikengadin.ch\/wp-content\/uploads\/2020\/05\/FJ-Bild.jpg 1280w\" sizes=\"auto, (max-width: 393px) 100vw, 393px\" \/><\/a><figcaption class=\"wp-element-caption\"><br><\/figcaption><\/figure>\n<\/div>\n\n\n<p>Als erste Praxisassistentin \u00fcbernehme ich gerne die Koordination zwischen \u00c4rzten, Patienten, Versicherungen und der Administration.<\/p>\n\n\n\n<p>Nebenbei arbeite ich selbst\u00e4ndig als diplomierte Tierhom\u00f6opathin.<\/p>\n\n\n\n<p>Als geb\u00fcrtige Engadinerin liebe ich das Tal. Mit meinem Sohn sind wir viel in der Natur unterwegs.<\/p>\n","protected":false},"excerpt":{"rendered":"<p>Administration Als erste Praxisassistentin \u00fcbernehme ich gerne die Koordination zwischen \u00c4rzten, Patienten, Versicherungen und der Administration. Nebenbei arbeite ich selbst\u00e4ndig als diplomierte Tierhom\u00f6opathin. Als geb\u00fcrtige Engadinerin liebe ich das Tal. Mit meinem Sohn sind wir viel in der Natur unterwegs.<\/p>\n","protected":false},"author":1,"featured_media":0,"parent":0,"menu_order":0,"comment_status":"closed","ping_status":"closed","template":"","meta":{"footnotes":""},"class_list":["post-804","page","type-page","status-publish","hentry"],"_links":{"self":[{"href":"https:\/\/www.chiropraktikengadin.ch\/en\/wp-json\/wp\/v2\/pages\/804","targetHints":{"allow":["GET"]}}],"collection":[{"href":"https:\/\/www.chiropraktikengadin.ch\/en\/wp-json\/wp\/v2\/pages"}],"about":[{"href":"https:\/\/www.chiropraktikengadin.ch\/en\/wp-json\/wp\/v2\/types\/page"}],"author":[{"embeddable":true,"href":"https:\/\/www.chiropraktikengadin.ch\/en\/wp-json\/wp\/v2\/users\/1"}],"replies":[{"embeddable":true,"href":"https:\/\/www.chiropraktikengadin.ch\/en\/wp-json\/wp\/v2\/comments?post=804"}],"version-history":[{"count":2,"href":"https:\/\/www.chiropraktikengadin.ch\/en\/wp-json\/wp\/v2\/pages\/804\/revisions"}],"predecessor-version":[{"id":1424,"href":"https:\/\/www.chiropraktikengadin.ch\/en\/wp-json\/wp\/v2\/pages\/804\/revisions\/1424"}],"wp:attachment":[{"href":"https:\/\/www.chiropraktikengadin.ch\/en\/wp-json\/wp\/v2\/media?parent=804"}],"curies":[{"name":"wp","href":"https:\/\/api.w.org\/{rel}","templated":true}]}}