{"id":800,"date":"2019-01-01T14:19:57","date_gmt":"2019-01-01T14:19:57","guid":{"rendered":"http:\/\/chiropraktikengadin.ch.lucius.ch-meta.net\/?page_id=800"},"modified":"2025-02-18T13:22:04","modified_gmt":"2025-02-18T11:22:04","slug":"dr-med-chiro-marina-soklic","status":"publish","type":"page","link":"https:\/\/www.chiropraktikengadin.ch\/en\/dr-med-chiro-marina-soklic\/","title":{"rendered":"Dr. med. chiro. Marina Locher"},"content":{"rendered":"\n<h4 class=\"wp-block-heading\">Fachchiropraktorin SCG\/ECU<\/h4>\n\n\n<div class=\"wp-block-image\">\n<figure class=\"alignleft size-large is-resized\"><a href=\"https:\/\/www.chiropraktikengadin.ch\/wp-content\/uploads\/2020\/05\/Marina-scaled.jpg\" target=\"_blank\" rel=\"noreferrer noopener\"><img loading=\"lazy\" decoding=\"async\" width=\"683\" height=\"1024\" src=\"https:\/\/www.chiropraktikengadin.ch\/wp-content\/uploads\/2020\/05\/Marina-683x1024.jpg\" alt=\"\" class=\"wp-image-1251\" style=\"width:236px;height:353px\" srcset=\"https:\/\/www.chiropraktikengadin.ch\/wp-content\/uploads\/2020\/05\/Marina-683x1024.jpg 683w, https:\/\/www.chiropraktikengadin.ch\/wp-content\/uploads\/2020\/05\/Marina-200x300.jpg 200w, https:\/\/www.chiropraktikengadin.ch\/wp-content\/uploads\/2020\/05\/Marina-768x1152.jpg 768w, https:\/\/www.chiropraktikengadin.ch\/wp-content\/uploads\/2020\/05\/Marina-1024x1536.jpg 1024w, https:\/\/www.chiropraktikengadin.ch\/wp-content\/uploads\/2020\/05\/Marina-scaled.jpg 1707w\" sizes=\"auto, (max-width: 683px) 100vw, 683px\" \/><\/a><figcaption class=\"wp-element-caption\"><br><\/figcaption><\/figure>\n<\/div>\n\n\n<p>Aufgewachsen bin ich in Samedan. Als eine der ersten Absolventen des neuen <a href=\"https:\/\/chiropraktikengadin.wordpress.com\/studium\/\">Chiropraktikstudiums<\/a> in der Schweiz habe ich im Jahre 2014 abgeschlossen.<\/p>\n\n\n\n<p>Nach dem Staatsexamen folgte meine Assistenzzeit, sowohl bei der Chiropraktik Oerlikon in Z\u00fcrich, als auch bei der Chiropraktik St. Moritz. Nach erfolgreicher Weiterbildungspr\u00fcfung er\u00f6ffnete ich im Oktober 2017 meine Praxis &#8220;Chiropraktik Engadin Samedan&#8221;.<\/p>\n\n\n\n<p>Neben meinem Beruf, der mir sehr viel Freude bereitet, geniessen wir gerne zusammen mit meinem Mann Markus und meiner Sch\u00e4ferh\u00fcndin Naira die Engadiner Bergwelt. Wir sind beim Wandern, Klettern, Skifahren oder Langlaufen anzutreffen.<\/p>\n\n\n\n<p>Am 6. Oktober 2024 kam unser kleiner Sohn Nino zur Welt und wir freuen uns riesig ihn nun bei allen Abenteuern mit dabei zu haben&#8230;.<\/p>\n\n\n\n<p><a href=\"http:\/\/chiropraktikengadin.ch\/lebenslauf-und-weiterbildungen\/\">Lebenslauf<\/a><\/p>\n","protected":false},"excerpt":{"rendered":"<p>Fachchiropraktorin SCG\/ECU Aufgewachsen bin ich in Samedan. Als eine der ersten Absolventen des neuen Chiropraktikstudiums in der Schweiz habe ich im Jahre 2014 abgeschlossen. Nach dem Staatsexamen folgte meine Assistenzzeit, sowohl bei der Chiropraktik Oerlikon in Z\u00fcrich, als auch bei der Chiropraktik St. Moritz. Nach erfolgreicher Weiterbildungspr\u00fcfung er\u00f6ffnete ich im Oktober 2017 meine Praxis &#8220;Chiropraktik &hellip; <\/p>\n<p class=\"link-more\"><a href=\"https:\/\/www.chiropraktikengadin.ch\/en\/dr-med-chiro-marina-soklic\/\" class=\"more-link\">Continue reading<span class=\"screen-reader-text\"> &#8220;Dr. med. chiro. Marina Locher&#8221;<\/span><\/a><\/p>\n","protected":false},"author":1,"featured_media":0,"parent":0,"menu_order":0,"comment_status":"closed","ping_status":"closed","template":"","meta":{"footnotes":""},"class_list":["post-800","page","type-page","status-publish","hentry"],"_links":{"self":[{"href":"https:\/\/www.chiropraktikengadin.ch\/en\/wp-json\/wp\/v2\/pages\/800","targetHints":{"allow":["GET"]}}],"collection":[{"href":"https:\/\/www.chiropraktikengadin.ch\/en\/wp-json\/wp\/v2\/pages"}],"about":[{"href":"https:\/\/www.chiropraktikengadin.ch\/en\/wp-json\/wp\/v2\/types\/page"}],"author":[{"embeddable":true,"href":"https:\/\/www.chiropraktikengadin.ch\/en\/wp-json\/wp\/v2\/users\/1"}],"replies":[{"embeddable":true,"href":"https:\/\/www.chiropraktikengadin.ch\/en\/wp-json\/wp\/v2\/comments?post=800"}],"version-history":[{"count":4,"href":"https:\/\/www.chiropraktikengadin.ch\/en\/wp-json\/wp\/v2\/pages\/800\/revisions"}],"predecessor-version":[{"id":1470,"href":"https:\/\/www.chiropraktikengadin.ch\/en\/wp-json\/wp\/v2\/pages\/800\/revisions\/1470"}],"wp:attachment":[{"href":"https:\/\/www.chiropraktikengadin.ch\/en\/wp-json\/wp\/v2\/media?parent=800"}],"curies":[{"name":"wp","href":"https:\/\/api.w.org\/{rel}","templated":true}]}}