{"id":798,"date":"2019-01-01T14:16:29","date_gmt":"2019-01-01T14:16:29","guid":{"rendered":"http:\/\/chiropraktikengadin.ch.lucius.ch-meta.net\/?page_id=798"},"modified":"2019-01-01T14:16:29","modified_gmt":"2019-01-01T14:16:29","slug":"studium","status":"publish","type":"page","link":"https:\/\/www.chiropraktikengadin.ch\/en\/studium\/","title":{"rendered":"Studium"},"content":{"rendered":"\n<p>Die Medizinische Fakult\u00e4t der Universit\u00e4t Z\u00fcrich und die Klinik f\u00fcr Chiropraktische Medizin an der Universit\u00e4tsklinik Balgrist richten den Studiengang aus. Pro Jahr stehen rund zwanzig Studienpl\u00e4tze zur Verf\u00fcgung. Das Studium der Chiropraktischen Medizin,&nbsp;das in der Schweiz seit 2008 angeboten wird, gilt als das Beste weltweit.<\/p>\n\n\n\n<p>Die Videos <strong>\u00abChiropraktik studieren an der Uni Z\u00fcrich\u00bb<\/strong> und <strong>\u00abChiropraktik studieren an der Uni Z\u00fcrich &#8211; Endspurt!\u00bb<\/strong> veranschaulichen die vielen Vorz\u00fcge des Studiums und des Berufs.<\/p>\n\n\n\n<figure class=\"wp-block-embed-youtube wp-block-embed is-type-video is-provider-youtube wp-embed-aspect-16-9 wp-has-aspect-ratio\"><div class=\"wp-block-embed__wrapper\">\n<iframe loading=\"lazy\" title=\"Chiropraktik studieren an der Uni Z\u00fcrich (CH-Originalversion)\" width=\"525\" height=\"295\" src=\"https:\/\/www.youtube.com\/embed\/Aga8q1GjetM?feature=oembed\" frameborder=\"0\" allow=\"accelerometer; autoplay; clipboard-write; encrypted-media; gyroscope; picture-in-picture; web-share\" referrerpolicy=\"strict-origin-when-cross-origin\" allowfullscreen><\/iframe>\n<\/div><\/figure>\n\n\n\n<figure class=\"wp-block-embed-youtube wp-block-embed is-type-video is-provider-youtube wp-embed-aspect-16-9 wp-has-aspect-ratio\"><div class=\"wp-block-embed__wrapper\">\n<iframe loading=\"lazy\" title=\"Chiropraktik studieren an der Uni Z\u00fcrich - THE FINAL YEAR (ENDSPURT with English subtitles)\" width=\"525\" height=\"295\" src=\"https:\/\/www.youtube.com\/embed\/WuTlcWRA8SA?feature=oembed\" frameborder=\"0\" allow=\"accelerometer; autoplay; clipboard-write; encrypted-media; gyroscope; picture-in-picture; web-share\" referrerpolicy=\"strict-origin-when-cross-origin\" allowfullscreen><\/iframe>\n<\/div><\/figure>\n\n\n\n<p>Das Studium der Chiropraktischen Medizin ist bis und mit dem vierten Studienjahr mit demjenigen der Humanmedizin identisch.<br>Zus\u00e4tzlich wird das Mantelstudium Chiropraktik besucht, wo unter anderem manuelle Fertigkeiten, Biomechanik des Bewegungsapparats und Radiologie unterrichtet werden. Ab dem f\u00fcnften Studienjahr ist das Studium von dem der Humanmedizin losgel\u00f6st. Fokus ist dann nur der Bewegungsapparat.<\/p>\n\n\n\n<p>Die Ausbildung an der Universit\u00e4t berechtigt noch nicht zum Praktizieren. Dem Studium an der Universit\u00e4t Z\u00fcrich oder im Ausland folgt eine mindestens zweij\u00e4hrige klinische Assistenzzeit in der Schweiz mit regelm\u00e4ssiger Weiterbildung an der <a href=\"https:\/\/www.swiss-chiropractic-academy.ch\/\">Schweizerischen Akademie f\u00fcr Chiropraktik<\/a> in Bern. Dabei werden Kenntnisse vertieft, klinische Erfahrungen gesammelt und die Assistentinnen und Assistenten mit dem schweizerischen Gesundheitswesen vertraut gemacht. Danach k\u00f6nnen die jungen Chiropraktoren die eidgen\u00f6ssische Fachpr\u00fcfung ablegen, ihre Praxis er\u00f6ffnen und ihre F\u00e4higkeiten dem Schweizer Gesundheitswesen zugute kommen lassen.<\/p>\n","protected":false},"excerpt":{"rendered":"<p>Die Medizinische Fakult\u00e4t der Universit\u00e4t Z\u00fcrich und die Klinik f\u00fcr Chiropraktische Medizin an der Universit\u00e4tsklinik Balgrist richten den Studiengang aus. Pro Jahr stehen rund zwanzig Studienpl\u00e4tze zur Verf\u00fcgung. Das Studium der Chiropraktischen Medizin,&nbsp;das in der Schweiz seit 2008 angeboten wird, gilt als das Beste weltweit. Die Videos \u00abChiropraktik studieren an der Uni Z\u00fcrich\u00bb und \u00abChiropraktik &hellip; <\/p>\n<p class=\"link-more\"><a href=\"https:\/\/www.chiropraktikengadin.ch\/en\/studium\/\" class=\"more-link\">Continue reading<span class=\"screen-reader-text\"> &#8220;Studium&#8221;<\/span><\/a><\/p>\n","protected":false},"author":1,"featured_media":0,"parent":0,"menu_order":0,"comment_status":"closed","ping_status":"closed","template":"","meta":{"footnotes":""},"class_list":["post-798","page","type-page","status-publish","hentry"],"_links":{"self":[{"href":"https:\/\/www.chiropraktikengadin.ch\/en\/wp-json\/wp\/v2\/pages\/798","targetHints":{"allow":["GET"]}}],"collection":[{"href":"https:\/\/www.chiropraktikengadin.ch\/en\/wp-json\/wp\/v2\/pages"}],"about":[{"href":"https:\/\/www.chiropraktikengadin.ch\/en\/wp-json\/wp\/v2\/types\/page"}],"author":[{"embeddable":true,"href":"https:\/\/www.chiropraktikengadin.ch\/en\/wp-json\/wp\/v2\/users\/1"}],"replies":[{"embeddable":true,"href":"https:\/\/www.chiropraktikengadin.ch\/en\/wp-json\/wp\/v2\/comments?post=798"}],"version-history":[{"count":0,"href":"https:\/\/www.chiropraktikengadin.ch\/en\/wp-json\/wp\/v2\/pages\/798\/revisions"}],"wp:attachment":[{"href":"https:\/\/www.chiropraktikengadin.ch\/en\/wp-json\/wp\/v2\/media?parent=798"}],"curies":[{"name":"wp","href":"https:\/\/api.w.org\/{rel}","templated":true}]}}