{"id":792,"date":"2019-01-01T14:14:40","date_gmt":"2019-01-01T14:14:40","guid":{"rendered":"http:\/\/chiropraktikengadin.ch.lucius.ch-meta.net\/?page_id=792"},"modified":"2019-01-01T14:14:40","modified_gmt":"2019-01-01T14:14:40","slug":"erstkonsultationsablauf","status":"publish","type":"page","link":"https:\/\/www.chiropraktikengadin.ch\/en\/erstkonsultationsablauf\/","title":{"rendered":"Erstkonsultationsablauf"},"content":{"rendered":"\n<p>Chiropraktoren tragen diagnostische Verantwortung und sind deshalb nicht auf eine \u00e4rztliche \u00dcberweisung angewiesen. Beim ersten Gespr\u00e4ch versucht der Chiropraktor das Problem durch gezielte Fragen einzugrenzen und ein ganzheitliches Bild vom Gesundheitszustand des Patienten oder der Patientin zu erhalten.<\/p>\n\n\n\n<p>Durch die anschliessende Untersuchung werden weitere wichtige Informationen gesammelt, die schliesslich zu einer Diagnose und einer umfassenden Beurteilung beitragen. Haltungs-  Bewegungsanalysen und manuelles Abtasten von Gelenken, Muskeln und B\u00e4ndern,  sowie neurologische Untersuchungen stehen dabei im Vordergrund.<\/p>\n\n\n\n<p>Bei Bedarf werden auch R\u00f6ntgenbilder direkt bei uns in der Praxis angefertigt oder andere technische Untersuchungen (z.B. MRI Untersuchungen) angeordnet.<\/p>\n\n\n\n<p>Falls bildgebende Voruntersuchungen existieren, bringen Sie dieses doch bitte in Form einer CD mit.<\/p>\n","protected":false},"excerpt":{"rendered":"<p>Chiropraktoren tragen diagnostische Verantwortung und sind deshalb nicht auf eine \u00e4rztliche \u00dcberweisung angewiesen. Beim ersten Gespr\u00e4ch versucht der Chiropraktor das Problem durch gezielte Fragen einzugrenzen und ein ganzheitliches Bild vom Gesundheitszustand des Patienten oder der Patientin zu erhalten. Durch die anschliessende Untersuchung werden weitere wichtige Informationen gesammelt, die schliesslich zu einer Diagnose und einer umfassenden &hellip; <\/p>\n<p class=\"link-more\"><a href=\"https:\/\/www.chiropraktikengadin.ch\/en\/erstkonsultationsablauf\/\" class=\"more-link\">Continue reading<span class=\"screen-reader-text\"> &#8220;Erstkonsultationsablauf&#8221;<\/span><\/a><\/p>\n","protected":false},"author":1,"featured_media":0,"parent":0,"menu_order":0,"comment_status":"closed","ping_status":"closed","template":"","meta":{"footnotes":""},"class_list":["post-792","page","type-page","status-publish","hentry"],"_links":{"self":[{"href":"https:\/\/www.chiropraktikengadin.ch\/en\/wp-json\/wp\/v2\/pages\/792","targetHints":{"allow":["GET"]}}],"collection":[{"href":"https:\/\/www.chiropraktikengadin.ch\/en\/wp-json\/wp\/v2\/pages"}],"about":[{"href":"https:\/\/www.chiropraktikengadin.ch\/en\/wp-json\/wp\/v2\/types\/page"}],"author":[{"embeddable":true,"href":"https:\/\/www.chiropraktikengadin.ch\/en\/wp-json\/wp\/v2\/users\/1"}],"replies":[{"embeddable":true,"href":"https:\/\/www.chiropraktikengadin.ch\/en\/wp-json\/wp\/v2\/comments?post=792"}],"version-history":[{"count":0,"href":"https:\/\/www.chiropraktikengadin.ch\/en\/wp-json\/wp\/v2\/pages\/792\/revisions"}],"wp:attachment":[{"href":"https:\/\/www.chiropraktikengadin.ch\/en\/wp-json\/wp\/v2\/media?parent=792"}],"curies":[{"name":"wp","href":"https:\/\/api.w.org\/{rel}","templated":true}]}}