{"id":790,"date":"2019-01-01T14:13:53","date_gmt":"2019-01-01T14:13:53","guid":{"rendered":"http:\/\/chiropraktikengadin.ch.lucius.ch-meta.net\/?page_id=790"},"modified":"2019-01-01T14:13:53","modified_gmt":"2019-01-01T14:13:53","slug":"wer-kann-zum-chiropraktor","status":"publish","type":"page","link":"https:\/\/www.chiropraktikengadin.ch\/en\/wer-kann-zum-chiropraktor\/","title":{"rendered":"Wer kann zum Chiropraktor?"},"content":{"rendered":"\n<p>Nicht nur R\u00fccken \u2013 und Nackenschmerzen, auch Schwindel, Kopfschmerzen, ausstrahlende Schmerzen in Arme und Beine, Pseudoherzbeschwerden, sowie Folgen von Unf\u00e4llen und Schleudertraumen liegen im Behandlungsspektrum der Chiropraktik. Oft werden mit der Behandlung reflektorisch auch innere Organe positiv beeinflusst.<\/p>\n\n\n\n<p>H\u00e4ufig f\u00fchrt  die Anwendung der Chiropraktik dazu, auf Medikamente und Operationen verzichten zu k\u00f6nnen.<\/p>\n\n\n\n<p>Sie kann in jedem Lebensalter angewandt werden, es k\u00f6nnen Sportler, Berufsleute, Erwachsene oder Kinder davon profitieren.<\/p>\n","protected":false},"excerpt":{"rendered":"<p>Nicht nur R\u00fccken \u2013 und Nackenschmerzen, auch Schwindel, Kopfschmerzen, ausstrahlende Schmerzen in Arme und Beine, Pseudoherzbeschwerden, sowie Folgen von Unf\u00e4llen und Schleudertraumen liegen im Behandlungsspektrum der Chiropraktik. Oft werden mit der Behandlung reflektorisch auch innere Organe positiv beeinflusst. H\u00e4ufig f\u00fchrt die Anwendung der Chiropraktik dazu, auf Medikamente und Operationen verzichten zu k\u00f6nnen. Sie kann in &hellip; <\/p>\n<p class=\"link-more\"><a href=\"https:\/\/www.chiropraktikengadin.ch\/en\/wer-kann-zum-chiropraktor\/\" class=\"more-link\">Continue reading<span class=\"screen-reader-text\"> &#8220;Wer kann zum Chiropraktor?&#8221;<\/span><\/a><\/p>\n","protected":false},"author":1,"featured_media":0,"parent":0,"menu_order":0,"comment_status":"closed","ping_status":"closed","template":"","meta":{"footnotes":""},"class_list":["post-790","page","type-page","status-publish","hentry"],"_links":{"self":[{"href":"https:\/\/www.chiropraktikengadin.ch\/en\/wp-json\/wp\/v2\/pages\/790","targetHints":{"allow":["GET"]}}],"collection":[{"href":"https:\/\/www.chiropraktikengadin.ch\/en\/wp-json\/wp\/v2\/pages"}],"about":[{"href":"https:\/\/www.chiropraktikengadin.ch\/en\/wp-json\/wp\/v2\/types\/page"}],"author":[{"embeddable":true,"href":"https:\/\/www.chiropraktikengadin.ch\/en\/wp-json\/wp\/v2\/users\/1"}],"replies":[{"embeddable":true,"href":"https:\/\/www.chiropraktikengadin.ch\/en\/wp-json\/wp\/v2\/comments?post=790"}],"version-history":[{"count":0,"href":"https:\/\/www.chiropraktikengadin.ch\/en\/wp-json\/wp\/v2\/pages\/790\/revisions"}],"wp:attachment":[{"href":"https:\/\/www.chiropraktikengadin.ch\/en\/wp-json\/wp\/v2\/media?parent=790"}],"curies":[{"name":"wp","href":"https:\/\/api.w.org\/{rel}","templated":true}]}}